{"id":5339,"date":"2026-02-20T13:07:59","date_gmt":"2026-02-20T12:07:59","guid":{"rendered":"https:\/\/eu.shop.mindclashgames.com\/?post_type=product&#038;p=5339"},"modified":"2026-02-02T02:46:29","modified_gmt":"2026-02-02T01:46:29","slug":"anachrony-wesentliche-ausgabe","status":"publish","type":"product","link":"https:\/\/eu.shop.mindclashgames.com\/de\/produkt\/anachrony-wesentliche-ausgabe\/","title":{"rendered":"Anachrony &#8211; Wesentliche Ausgabe"},"content":{"rendered":"<p>In diesem epischen Brettspiel f\u00fcr 2-4 Spieler kommandierst du m\u00e4chtige Exosuits, durchquerst Zeitspalten und f\u00fchrst deinen Pfad durch eine katastrophale Zukunft. Die Essential Edition von Anachrony enth\u00e4lt nur das Grundspiel und keine weiteren Module, Erweiterungen oder Miniaturen.<\/p>\n<p><em>Das Produkt ist nur in englischer Sprache \u00fcber diesen Webstore erh\u00e4ltlich. F\u00fcr die deutsche Ausgabe lesen Sie bitte den Abschnitt \u201eFremdsprachige Partner\u201c weiter unten.<\/em><\/p>\n","protected":false},"excerpt":{"rendered":"<p>In diesem epischen Brettspiel f\u00fcr 2-4 Spieler kommandierst du m\u00e4chtige Exosuits, durchquerst Zeitspalten und f\u00fchrst deinen Pfad durch eine katastrophale Zukunft. Die Essential Edition von Anachrony enth\u00e4lt nur das Grundspiel und keine weiteren Module, Erweiterungen oder Miniaturen. Das Produkt ist nur in englischer Sprache \u00fcber diesen Webstore erh\u00e4ltlich. F\u00fcr die deutsche Ausgabe lesen Sie bitte [&hellip;]<\/p>\n","protected":false},"featured_media":4683,"template":"","meta":[],"product_brand":[],"product_cat":[57],"product_tag":[47],"class_list":{"0":"post-5339","1":"product","2":"type-product","3":"status-publish","4":"has-post-thumbnail","6":"product_cat-hauptspiel","7":"product_tag-anachrony-de","9":"first","10":"instock","11":"taxable","12":"shipping-taxable","13":"purchasable","14":"product-type-simple"},"_links":{"self":[{"href":"https:\/\/eu.shop.mindclashgames.com\/de\/wp-json\/wp\/v2\/product\/5339","targetHints":{"allow":["GET"]}}],"collection":[{"href":"https:\/\/eu.shop.mindclashgames.com\/de\/wp-json\/wp\/v2\/product"}],"about":[{"href":"https:\/\/eu.shop.mindclashgames.com\/de\/wp-json\/wp\/v2\/types\/product"}],"wp:featuredmedia":[{"embeddable":true,"href":"https:\/\/eu.shop.mindclashgames.com\/de\/wp-json\/wp\/v2\/media\/4683"}],"wp:attachment":[{"href":"https:\/\/eu.shop.mindclashgames.com\/de\/wp-json\/wp\/v2\/media?parent=5339"}],"wp:term":[{"taxonomy":"product_brand","embeddable":true,"href":"https:\/\/eu.shop.mindclashgames.com\/de\/wp-json\/wp\/v2\/product_brand?post=5339"},{"taxonomy":"product_cat","embeddable":true,"href":"https:\/\/eu.shop.mindclashgames.com\/de\/wp-json\/wp\/v2\/product_cat?post=5339"},{"taxonomy":"product_tag","embeddable":true,"href":"https:\/\/eu.shop.mindclashgames.com\/de\/wp-json\/wp\/v2\/product_tag?post=5339"}],"curies":[{"name":"wp","href":"https:\/\/api.w.org\/{rel}","templated":true}]}}